{"id":4,"date":"2019-09-05T08:43:53","date_gmt":"2019-09-05T08:43:53","guid":{"rendered":"https:\/\/neu.vibesaudio.de\/?page_id=4"},"modified":"2026-01-09T06:10:26","modified_gmt":"2026-01-09T06:10:26","slug":"about","status":"publish","type":"page","link":"https:\/\/neu.vibesaudio.de\/?page_id=4","title":{"rendered":"About"},"content":{"rendered":"<h1>Endecken Sie die Welt der Reiseelektronik.<\/h1>\n<p><img decoding=\"async\" src=\"\/wp-content\/uploads\/2026\/01\/uberuns.png\" alt=\"\"><\/p>\n<div>Wir bieten eine breite Palette hochwertiger Elektronikprodukten f\u00fcr Wohnmobile an. Diese installieren wir auch selbst durch unser erfahrenes Fachpersonal. Sie k\u00f6nnen sich darauf verlassen, dass unsere Experten die Ger\u00e4te fachgerecht und professionell in Ihrem Wohnmobil installieren. Dadurch gew\u00e4hrleisten wir nicht nur eine hohe Qualit\u00e4t der Produkte, sondern auch eine zuverl\u00e4ssige und sichere Installation. Vertrauen Sie auf unsere Kompetenz und lassen Sie uns gemeinsam Ihr Wohnmobil auf das n\u00e4chste Level bringen.<\/div>\n<div>Beratung nur nach vorheriger Terminvereinbarung<\/div>\n<h2>Unser Team<\/h2>\n<ul>\n<li>\n<p>        <img decoding=\"async\" src=\"\/wp-content\/uploads\/2026\/01\/Designer200.png\" alt=\"\"><\/p>\n<h3>Uli F\u00f6rderer<\/h3>\n<p>Inhaber<\/p>\n<div>Beratung \/ Verkauf<\/div>\n<\/li>\n<li>\n<p>        <img decoding=\"async\" src=\"\/wp-content\/uploads\/2026\/01\/Designerin200.png\" alt=\"\"><\/p>\n<h3>Alexandra F\u00f6rderer<\/h3>\n<div>  Buchhaltung \/ Verkauf<\/div>\n<\/li>\n<li>\n<p>        <img decoding=\"async\" src=\"\/wp-content\/uploads\/2026\/01\/Designerin200.png\" alt=\"\"><\/p>\n<h3>Evelyn Winker-Basler<\/h3>\n<div>Buchhaltung <\/div>\n<\/li>\n<li>\n<p>        <img decoding=\"async\" src=\"\/wp-content\/uploads\/2026\/01\/Designer200.png\" alt=\"\"><\/p>\n<h3>Dominic Friedrich<\/h3>\n<div>  Montage \/ Service \/ Verkauf<\/div>\n<\/li>\n<li>\n<p>        <img decoding=\"async\" src=\"\/wp-content\/uploads\/yootheme\/about-team-04.jpg\" alt=\"\"><\/p>\n<h3>Lilly Hund<\/h3>\n<p>All-round talent<\/p>\n<div> Kundenbetreung w\u00e4hrend der Wartezeit<\/div>\n<\/li>\n<\/ul>\n<hr>\n<h2>Kontakt<\/h2>\n<ul>\n<li>\n<h3>Telefon:<\/h3>\n<p><a href=\"tel:5550199\">07261-62464<\/a><\/p>\n<\/li>\n<li>\n<h3>Email<\/h3>\n<p><a href=\"mailto:email@example.com\">info@vibesaudio.de<\/a><\/p>\n<\/li>\n<\/ul>\n<div>\n<h3>Addresse<\/h3>\n<div>\n<p>Am Leitzelbach 34<br \/>74889 Sinsheim<\/p>\n<\/div>\n<\/div>\n<div>\n<h3>Social<\/h3>\n<div>\n<p><a class=\"uk-link-reset\" href=\"https:\/\/www.facebook.com\/Vibes-Audio-Forum-1457083754547013\/\">Facebook<\/a><\/p>\n<\/div>\n<\/div>\n<p><!--more--><br \/>\n<!-- {\"type\":\"layout\",\"children\":[{\"name\":\"About\",\"type\":\"section\",\"props\":{\"image_position\":\"center-center\",\"image_size\":\"cover\",\"padding\":\"large\",\"padding_remove_top\":false,\"style\":\"default\",\"title_breakpoint\":\"xl\",\"title_position\":\"top-left\",\"title_rotation\":\"left\",\"vertical_align\":\"\",\"width\":\"default\"},\"children\":[{\"type\":\"row\",\"props\":{\"width\":\"small\"},\"children\":[{\"type\":\"column\",\"props\":{\"image_position\":\"center-center\",\"position_sticky_breakpoint\":\"m\",\"width_medium\":\"1-1\"},\"children\":[{\"type\":\"headline\",\"props\":{\"content\":\"Endecken Sie die Welt der Reiseelektronik.\",\"text_align\":\"center\",\"title_element\":\"h1\",\"title_style\":\"heading-small\"}},{\"type\":\"divider\",\"props\":{\"block_align\":\"center\",\"divider_element\":\"div\",\"divider_style\":\"icon\",\"margin\":\"large\",\"maxwidth\":\"large\"}}]}]},{\"type\":\"row\",\"props\":{\"margin\":\"xlarge\"},\"children\":[{\"type\":\"column\",\"props\":{\"image_position\":\"center-center\",\"position_sticky_breakpoint\":\"m\",\"width_medium\":\"1-1\"},\"children\":[{\"type\":\"image\",\"props\":{\"image\":\"wp-content\\\/uploads\\\/2026\\\/01\\\/uberuns.png\",\"image_loading\":true,\"image_svg_color\":\"emphasis\",\"image_width\":\"1200\",\"margin\":\"default\"}}]}]},{\"type\":\"row\",\"props\":{\"margin\":\"xlarge\",\"width\":\"small\"},\"children\":[{\"type\":\"column\",\"props\":{\"image_position\":\"center-center\",\"position_sticky_breakpoint\":\"m\",\"width_medium\":\"1-1\"},\"children\":[{\"type\":\"text\",\"props\":{\"column_breakpoint\":\"m\",\"content\":\"Wir bieten eine breite Palette hochwertiger Elektronikprodukten f\\u00fcr Wohnmobile an. Diese installieren wir auch selbst durch unser erfahrenes Fachpersonal. Sie k\\u00f6nnen sich darauf verlassen, dass unsere Experten die Ger\\u00e4te fachgerecht und professionell in Ihrem Wohnmobil installieren. Dadurch gew\\u00e4hrleisten wir nicht nur eine hohe Qualit\\u00e4t der Produkte, sondern auch eine zuverl\\u00e4ssige und sichere Installation. Vertrauen Sie auf unsere Kompetenz und lassen Sie uns gemeinsam Ihr Wohnmobil auf das n\\u00e4chste Level bringen.\",\"dropcap\":true,\"margin\":\"\",\"text_style\":\"lead\"}},{\"type\":\"text\",\"props\":{\"column_breakpoint\":\"m\",\"content\":\"Beratung nur nach vorheriger Terminvereinbarung\",\"margin\":\"medium\"}}]}]}]},{\"name\":\"Team\",\"type\":\"section\",\"props\":{\"image_position\":\"center-center\",\"image_size\":\"cover\",\"padding\":\"none\",\"padding_remove_top\":false,\"style\":\"default\",\"title_breakpoint\":\"xl\",\"title_position\":\"top-left\",\"title_rotation\":\"left\",\"vertical_align\":\"\",\"width\":\"default\"},\"children\":[{\"type\":\"row\",\"children\":[{\"type\":\"column\",\"props\":{\"image_position\":\"center-center\",\"position_sticky_breakpoint\":\"m\",\"width_medium\":\"1-1\"},\"children\":[{\"type\":\"headline\",\"props\":{\"content\":\"Unser Team\",\"margin\":\"medium\",\"margin_remove_top\":false,\"text_align\":\"center\",\"text_align_breakpoint\":\"s\",\"text_align_fallback\":\"left\",\"title_element\":\"h2\"}},{\"type\":\"grid\",\"props\":{\"content_column_breakpoint\":\"m\",\"filter_align\":\"left\",\"filter_all\":true,\"filter_grid_breakpoint\":\"m\",\"filter_grid_width\":\"auto\",\"filter_position\":\"top\",\"filter_style\":\"tab\",\"grid_default\":\"1\",\"grid_medium\":\"2\",\"grid_row_gap\":\"large\",\"icon_width\":80,\"image_align\":\"top\",\"image_grid_breakpoint\":\"m\",\"image_grid_width\":\"1-2\",\"image_svg_color\":\"emphasis\",\"image_width\":200,\"item_animation\":true,\"lightbox_bg_close\":true,\"link_style\":\"default\",\"link_text\":\"Read more\",\"margin\":\"default\",\"meta_align\":\"below-title\",\"meta_color\":\"muted\",\"meta_element\":\"div\",\"meta_margin\":\"remove\",\"meta_style\":\"\",\"parallax_easing\":\"1\",\"show_content\":true,\"show_hover_image\":true,\"show_hover_video\":true,\"show_image\":true,\"show_link\":true,\"show_meta\":true,\"show_title\":true,\"show_video\":true,\"title_align\":\"top\",\"title_element\":\"h3\",\"title_grid_breakpoint\":\"m\",\"title_grid_width\":\"1-2\",\"title_hover_style\":\"reset\"},\"children\":[{\"type\":\"grid_item\",\"props\":{\"content\":\"Beratung \\\/ Verkauf\",\"image\":\"wp-content\\\/uploads\\\/2026\\\/01\\\/Designer200.png\",\"meta\":\"Inhaber\",\"title\":\"Uli F\\u00f6rderer\"}},{\"type\":\"grid_item\",\"props\":{\"content\":\"  Buchhaltung \\\/ Verkauf\",\"image\":\"wp-content\\\/uploads\\\/2026\\\/01\\\/Designerin200.png\",\"meta\":\"\",\"title\":\"Alexandra F\\u00f6rderer\"}},{\"type\":\"grid_item\",\"props\":{\"content\":\"Buchhaltung \",\"image\":\"wp-content\\\/uploads\\\/2026\\\/01\\\/Designerin200.png\",\"meta\":\"\",\"title\":\"Evelyn Winker-Basler\"}},{\"type\":\"grid_item\",\"props\":{\"content\":\"  Montage \\\/ Service \\\/ Verkauf\",\"image\":\"wp-content\\\/uploads\\\/2026\\\/01\\\/Designer200.png\",\"title\":\"Dominic Friedrich\"}},{\"type\":\"grid_item\",\"props\":{\"content\":\" Kundenbetreung w\\u00e4hrend der Wartezeit\",\"image\":\"wp-content\\\/uploads\\\/yootheme\\\/about-team-04.jpg\",\"meta\":\"All-round talent\",\"title\":\"Lilly Hund\"}}]}]}]}]},{\"name\":\"Contact\",\"type\":\"section\",\"props\":{\"image_position\":\"center-center\",\"image_size\":\"cover\",\"padding\":\"small\",\"padding_remove_top\":true,\"style\":\"default\",\"title_breakpoint\":\"xl\",\"title_position\":\"top-left\",\"title_rotation\":\"left\",\"vertical_align\":\"\",\"width\":\"default\"},\"children\":[{\"type\":\"row\",\"children\":[{\"type\":\"column\",\"props\":{\"image_position\":\"center-center\",\"position_sticky_breakpoint\":\"m\",\"width_medium\":\"1-1\"},\"children\":[{\"type\":\"divider\",\"props\":{\"divider_element\":\"hr\",\"margin\":\"large\"}},{\"type\":\"headline\",\"props\":{\"content\":\"Kontakt\",\"text_align\":\"left\",\"title_element\":\"h2\"}}]}]},{\"type\":\"row\",\"props\":{\"column_gap\":\"large\",\"layout\":\"1-3,1-3,1-3\",\"row_gap\":\"large\"},\"children\":[{\"type\":\"column\",\"props\":{\"image_position\":\"center-center\",\"position_sticky_breakpoint\":\"m\",\"width_medium\":\"1-3\",\"width_small\":\"auto\"},\"children\":[{\"type\":\"description_list\",\"props\":{\"column_breakpoint\":\"m\",\"layout\":\"grid-2\",\"list_element\":\"ul\",\"meta_align\":\"below-content\",\"meta_style\":\"text-meta\",\"show_content\":true,\"show_link\":true,\"show_meta\":true,\"show_title\":true,\"title_element\":\"div\",\"title_grid_column_gap\":\"small\",\"title_grid_row_gap\":\"small\",\"title_grid_width\":\"small\",\"title_style\":\"text-bold\"},\"children\":[{\"type\":\"description_list_item\",\"props\":{\"content\":\"07261-62464\",\"link\":\"tel:5550199\",\"title\":\"Telefon:\"}},{\"type\":\"description_list_item\",\"props\":{\"content\":\"info@vibesaudio.de\",\"link\":\"mailto:email@example.com\",\"title\":\"Email\"}}]}]},{\"type\":\"column\",\"props\":{\"image_position\":\"center-center\",\"position_sticky_breakpoint\":\"m\",\"width_medium\":\"1-3\",\"width_small\":\"auto\"},\"children\":[{\"type\":\"description_list\",\"props\":{\"column_breakpoint\":\"m\",\"layout\":\"grid-2\",\"list_element\":\"ul\",\"meta_align\":\"below-content\",\"meta_style\":\"text-meta\",\"show_content\":true,\"show_link\":true,\"show_meta\":true,\"show_title\":true,\"title_element\":\"div\",\"title_grid_column_gap\":\"small\",\"title_grid_row_gap\":\"small\",\"title_grid_width\":\"small\",\"title_style\":\"text-bold\"},\"children\":[{\"type\":\"description_list_item\",\"props\":{\"content\":\"\n\n<p>Am Leitzelbach 34<br \\\/>74889 Sinsheim<\\\/p>\",\"title\":\"Addresse\"}}]}]},{\"type\":\"column\",\"props\":{\"image_position\":\"center-center\",\"position_sticky_breakpoint\":\"m\",\"width_medium\":\"1-3\",\"width_small\":\"auto\"},\"children\":[{\"type\":\"description_list\",\"props\":{\"column_breakpoint\":\"m\",\"layout\":\"grid-2\",\"list_element\":\"ul\",\"meta_align\":\"below-content\",\"meta_style\":\"text-meta\",\"show_content\":true,\"show_link\":true,\"show_meta\":true,\"show_title\":true,\"title_element\":\"div\",\"title_grid_column_gap\":\"small\",\"title_grid_row_gap\":\"small\",\"title_grid_width\":\"small\",\"title_style\":\"text-bold\"},\"children\":[{\"type\":\"description_list_item\",\"props\":{\"content\":\"\n\n<p><a class=\\\"uk-link-reset\\\" href=\\\"https:\\\/\\\/www.facebook.com\\\/Vibes-Audio-Forum-1457083754547013\\\/\\\">Facebook<\\\/a><\\\/p>\",\"title\":\"Social\"}}]}]}]}]}],\"version\":\"4.5.33\"} --><\/p>\n","protected":false},"excerpt":{"rendered":"<p>Endecken Sie die Welt der Reiseelektronik. Wir bieten eine breite Palette hochwertiger Elektronikprodukten f\u00fcr Wohnmobile an. Diese installieren wir auch selbst durch unser erfahrenes Fachpersonal. Sie k\u00f6nnen sich darauf verlassen, dass unsere Experten die Ger\u00e4te fachgerecht und professionell in Ihrem Wohnmobil installieren. Dadurch gew\u00e4hrleisten wir nicht nur eine hohe Qualit\u00e4t der Produkte, sondern auch eine [&hellip;]<\/p>\n","protected":false},"author":1,"featured_media":0,"parent":0,"menu_order":3,"comment_status":"closed","ping_status":"closed","template":"","meta":{"_acf_changed":false,"footnotes":""},"class_list":["post-4","page","type-page","status-publish","hentry"],"acf":[],"_links":{"self":[{"href":"https:\/\/neu.vibesaudio.de\/index.php?rest_route=\/wp\/v2\/pages\/4","targetHints":{"allow":["GET"]}}],"collection":[{"href":"https:\/\/neu.vibesaudio.de\/index.php?rest_route=\/wp\/v2\/pages"}],"about":[{"href":"https:\/\/neu.vibesaudio.de\/index.php?rest_route=\/wp\/v2\/types\/page"}],"author":[{"embeddable":true,"href":"https:\/\/neu.vibesaudio.de\/index.php?rest_route=\/wp\/v2\/users\/1"}],"replies":[{"embeddable":true,"href":"https:\/\/neu.vibesaudio.de\/index.php?rest_route=%2Fwp%2Fv2%2Fcomments&post=4"}],"version-history":[{"count":23,"href":"https:\/\/neu.vibesaudio.de\/index.php?rest_route=\/wp\/v2\/pages\/4\/revisions"}],"predecessor-version":[{"id":2135,"href":"https:\/\/neu.vibesaudio.de\/index.php?rest_route=\/wp\/v2\/pages\/4\/revisions\/2135"}],"wp:attachment":[{"href":"https:\/\/neu.vibesaudio.de\/index.php?rest_route=%2Fwp%2Fv2%2Fmedia&parent=4"}],"curies":[{"name":"wp","href":"https:\/\/api.w.org\/{rel}","templated":true}]}}