{"id":1,"date":"2019-09-05T08:43:56","date_gmt":"2019-09-05T08:43:56","guid":{"rendered":"https:\/\/neu.vibesaudio.de\/?page_id=1"},"modified":"2026-01-09T06:05:31","modified_gmt":"2026-01-09T06:05:31","slug":"home","status":"publish","type":"page","link":"https:\/\/neu.vibesaudio.de\/","title":{"rendered":"Home"},"content":{"rendered":"<ul>\n<li>\n<p>        <img decoding=\"async\" src=\"\/wp-content\/uploads\/2026\/01\/Batteriemanagementsystem.png\" alt=\"\"><\/p>\n<h2>Maximieren Sie Ihre Energie, verl\u00e4ngern Sie Ihre Reisen<\/h2>\n<\/li>\n<li>\n<p>        <img decoding=\"async\" src=\"\/wp-content\/uploads\/2026\/01\/Ihr-Caravan-Spezialist.png\" alt=\"\"><\/p>\n<h2>In Sinsheim f\u00fcr Komfort und Sicherheit<\/h2>\n<\/li>\n<li>\n<p>        <img decoding=\"async\" src=\"\/wp-content\/uploads\/2026\/01\/Solaranlagen.png\" alt=\"\"><\/p>\n<h2>Auch unterwegs unabh\u00e4ngig von Steckdosen<\/h2>\n<\/li>\n<\/ul>\n<h2>Endecken Sie die Welt der Reiseelektronik.<\/h2>\n<p><p>\n        <a href=\"\/?page_id=x\">Verkauf &#8211; Service &#8211; Installation<\/a>\n    <\/p>\n<\/p>\n<h3>Wohnmobile\/Caravan Zubeh\u00f6r und Montage<\/h3>\n<ul>\n<li>\n<p>        <img decoding=\"async\" src=\"\/wp-content\/uploads\/2026\/01\/wohnmobil_hifi_audio.jpeg\" alt=\"\"><\/p>\n<h3>Hifi, Lautsprecher, Verst\u00e4rker<\/h3>\n<div>Von Standard bis Exklusiv &#8211; wir statten Ihr Wohnmobile oder Caravan mit modernster Hifi-Technik und feinstem Klangerlebnis aus. Jahrzehnte lange Erfahrung und hochwertigeste Komponenten &#8220;Made in Germany&#8221;. Sie werden begeistert sein.<\/div>\n<\/li>\n<li>\n<p>        <img decoding=\"async\" src=\"\/wp-content\/uploads\/2026\/01\/wohnmobil_rueckfahrkamera.jpeg\" alt=\"\"><\/p>\n<h3>Front-\/R\u00fcckfahrkamera-Systeme<\/h3>\n<div>Wohnmobile sind nicht gerade kompakte Fahrzeuge. Vor allem die Sicht nach hinten ist schwer bis nicht m\u00f6glich. R\u00fcckfahrkamera-Systeme bieten Ihnen wieder die volle Sicht nach hinten. In das Bild projizierte Hilfslinien machen das Rangieren sogar noch einfacher.<\/div>\n<\/li>\n<li>\n<p>        <img decoding=\"async\" src=\"\/wp-content\/uploads\/2026\/01\/wohnmobil_navigation_multim.jpeg\" alt=\"\"><\/p>\n<h3>Navigation und Multimedia<\/h3>\n<div>Navigations- und Multimediager\u00e4te von ALPINE vereinen zuverl\u00e4ssige Stra\u00dfennavigation mit hoher Konnektivit\u00e4t und Medienwiedergabe. Die sehr gute Kartendarstellung und die schnelle Routenberechnung f\u00fchren Sie zuverl\u00e4ssig an&#8217;s Ziel Ihrer Reise.<\/div>\n<\/li>\n<\/ul>\n<h3>Jedes Projekt ist eine neue Herausforderung, etwas Einzigartiges zu schaffen.<\/h3>\n<p><p>\n        <a href=\"\/?page_id=\">Erfahren Sie mehr<\/a>\n    <\/p>\n<\/p>\n<p><!--more--><br \/>\n<!-- {\"type\":\"layout\",\"children\":[{\"name\":\"Hero\",\"type\":\"section\",\"props\":{\"image_position\":\"center-center\",\"padding\":\"none\",\"style\":\"default\",\"title_breakpoint\":\"xl\",\"title_position\":\"top-left\",\"title_rotation\":\"left\",\"vertical_align\":\"\",\"width\":\"\"},\"children\":[{\"type\":\"row\",\"children\":[{\"type\":\"column\",\"props\":{\"image_position\":\"center-center\",\"position_sticky_breakpoint\":\"m\",\"width_medium\":\"1-1\"},\"children\":[{\"type\":\"slideshow\",\"props\":{\"image_loading\":true,\"image_width\":\"2560\",\"link_style\":\"default\",\"link_text\":\"Read more\",\"margin\":\"default\",\"meta_align\":\"below-title\",\"meta_element\":\"div\",\"meta_style\":\"text-meta\",\"nav\":\"thumbnav\",\"nav_align\":\"center\",\"nav_breakpoint\":\"m\",\"nav_position\":\"bottom-center\",\"nav_position_margin\":\"medium\",\"overlay_animation\":\"parallax\",\"overlay_container\":\"default\",\"overlay_parallax_x\":\"600,0,-600\",\"overlay_position\":\"center-left\",\"overlay_width\":\"xlarge\",\"show_content\":true,\"show_link\":true,\"show_meta\":true,\"show_thumbnail\":true,\"show_title\":true,\"slidenav\":\"\",\"slidenav_breakpoint\":\"\",\"slidenav_margin\":\"medium\",\"slidenav_outside_breakpoint\":\"xl\",\"slideshow_animation\":\"pull\",\"slideshow_autoplay\":true,\"slideshow_autoplay_pause\":true,\"slideshow_height\":\"viewport\",\"slideshow_height_offset_top\":true,\"slideshow_min_height\":300,\"slideshow_velocity\":0.6,\"text_align\":\"left\",\"text_align_fallback\":\"center\",\"text_color\":\"light\",\"thumbnav_height\":\"75\",\"thumbnav_svg_color\":\"emphasis\",\"thumbnav_width\":\"100\",\"title_element\":\"h2\",\"title_hover_style\":\"reset\",\"title_style\":\"heading-small\"},\"children\":[{\"type\":\"slideshow_item\",\"props\":{\"content\":\"\",\"image\":\"wp-content\\\/uploads\\\/2026\\\/01\\\/Batteriemanagementsystem.png\",\"meta\":\"\",\"thumbnail\":\"wp-content\\\/uploads\\\/2026\\\/01\\\/Batteriemanagementsystem.png\",\"title\":\"Maximieren Sie Ihre Energie, verl\\u00e4ngern Sie Ihre Reisen\"}},{\"type\":\"slideshow_item\",\"props\":{\"content\":\"\",\"image\":\"wp-content\\\/uploads\\\/2026\\\/01\\\/Ihr-Caravan-Spezialist.png\",\"meta\":\"\",\"thumbnail\":\"wp-content\\\/uploads\\\/2026\\\/01\\\/Ihr-Caravan-Spezialist.png\",\"title\":\"In Sinsheim f\\u00fcr Komfort und Sicherheit\"}},{\"type\":\"slideshow_item\",\"props\":{\"image\":\"wp-content\\\/uploads\\\/2026\\\/01\\\/Solaranlagen.png\",\"thumbnail\":\"wp-content\\\/uploads\\\/2026\\\/01\\\/Solaranlagen.png\",\"title\":\"Auch unterwegs unabh\\u00e4ngig von Steckdosen\"}}]}]}]}]},{\"name\":\"About us\",\"type\":\"section\",\"props\":{\"animation\":\"slide-top-small\",\"height_viewport\":false,\"image_position\":\"center-center\",\"image_size\":\"cover\",\"padding\":\"large\",\"padding_remove_top\":false,\"style\":\"default\",\"title_breakpoint\":\"xl\",\"title_position\":\"top-left\",\"title_rotation\":\"left\",\"vertical_align\":\"\",\"width\":\"default\"},\"children\":[{\"type\":\"row\",\"children\":[{\"type\":\"column\",\"props\":{\"image_position\":\"center-center\",\"position_sticky_breakpoint\":\"m\",\"width_medium\":\"1-1\"},\"children\":[{\"type\":\"headline\",\"props\":{\"block_align\":\"center\",\"content\":\"Endecken Sie die Welt der Reiseelektronik.\",\"maxwidth\":\"2xlarge\",\"text_align\":\"center\",\"text_align_fallback\":\"center\",\"title_element\":\"h2\"}},{\"type\":\"button\",\"props\":{\"animation\":\"slide-bottom-small\",\"grid_column_gap\":\"small\",\"grid_row_gap\":\"small\",\"margin\":\"medium\",\"text_align\":\"center\"},\"children\":[{\"type\":\"button_item\",\"props\":{\"button_style\":\"text\",\"content\":\"Verkauf - Service - Installation\",\"dialog_layout\":\"modal\",\"dialog_offcanvas_flip\":true,\"icon_align\":\"left\",\"link\":\"?page_id=x\",\"link_title\":\"Learn more about us\"}}]}]}]}]},{\"name\":\"Blog\",\"type\":\"section\",\"props\":{\"animation\":\"fade\",\"image_position\":\"center-center\",\"image_size\":\"cover\",\"padding\":\"large\",\"style\":\"default\",\"title_breakpoint\":\"xl\",\"title_position\":\"top-left\",\"title_rotation\":\"left\",\"vertical_align\":\"\",\"width\":\"small\"},\"children\":[{\"type\":\"row\",\"children\":[{\"type\":\"column\",\"props\":{\"image_position\":\"center-center\",\"position_sticky_breakpoint\":\"m\",\"width_medium\":\"1-1\"},\"children\":[{\"type\":\"headline\",\"props\":{\"content\":\"Wohnmobile\\\/Caravan Zubeh\\u00f6r und Montage\",\"margin\":\"medium\",\"text_align\":\"center\",\"title_decoration\":\"line\",\"title_element\":\"h3\",\"title_style\":\"h5\"}}]}]},{\"type\":\"row\",\"children\":[{\"type\":\"column\",\"props\":{\"image_position\":\"center-center\",\"position_sticky_breakpoint\":\"m\"},\"children\":[{\"type\":\"grid\",\"props\":{\"content_column_breakpoint\":\"m\",\"filter_align\":\"left\",\"filter_all\":true,\"filter_grid_breakpoint\":\"m\",\"filter_grid_width\":\"auto\",\"filter_position\":\"top\",\"filter_style\":\"tab\",\"grid_default\":\"1\",\"grid_divider\":false,\"grid_medium\":\"2\",\"icon_width\":80,\"image_align\":\"top\",\"image_grid_breakpoint\":\"m\",\"image_grid_width\":\"1-2\",\"image_svg_color\":\"emphasis\",\"item_animation\":true,\"lightbox_bg_close\":true,\"link_style\":\"default\",\"link_text\":\"Read more\",\"margin\":\"default\",\"meta_align\":\"below-title\",\"meta_element\":\"div\",\"meta_style\":\"text-meta\",\"show_content\":true,\"show_hover_image\":true,\"show_hover_video\":true,\"show_image\":true,\"show_link\":true,\"show_meta\":true,\"show_title\":true,\"show_video\":true,\"title_align\":\"top\",\"title_element\":\"h3\",\"title_grid_breakpoint\":\"m\",\"title_grid_width\":\"1-2\",\"title_hover_style\":\"reset\"},\"children\":[{\"type\":\"grid_item\",\"props\":{\"content\":\"Von Standard bis Exklusiv - wir statten Ihr Wohnmobile oder Caravan mit modernster Hifi-Technik und feinstem Klangerlebnis aus. Jahrzehnte lange Erfahrung und hochwertigeste Komponenten \\\"Made in Germany\\\". Sie werden begeistert sein.\",\"image\":\"wp-content\\\/uploads\\\/2026\\\/01\\\/wohnmobil_hifi_audio.jpeg\",\"meta\":\"\",\"title\":\"Hifi, Lautsprecher, Verst\\u00e4rker\"}},{\"type\":\"grid_item\",\"props\":{\"content\":\"Wohnmobile sind nicht gerade kompakte Fahrzeuge. Vor allem die Sicht nach hinten ist schwer bis nicht m\\u00f6glich. R\\u00fcckfahrkamera-Systeme bieten Ihnen wieder die volle Sicht nach hinten. In das Bild projizierte Hilfslinien machen das Rangieren sogar noch einfacher.\",\"image\":\"wp-content\\\/uploads\\\/2026\\\/01\\\/wohnmobil_rueckfahrkamera.jpeg\",\"title\":\"Front-\\\/R\\u00fcckfahrkamera-Systeme\"}},{\"type\":\"grid_item\",\"props\":{\"content\":\"Navigations- und Multimediager\\u00e4te von ALPINE vereinen zuverl\\u00e4ssige Stra\\u00dfennavigation mit hoher Konnektivit\\u00e4t und Medienwiedergabe. Die sehr gute Kartendarstellung und die schnelle Routenberechnung f\\u00fchren Sie zuverl\\u00e4ssig an's Ziel Ihrer Reise.\",\"image\":\"wp-content\\\/uploads\\\/2026\\\/01\\\/wohnmobil_navigation_multim.jpeg\",\"title\":\"Navigation und Multimedia\"}}]}]}]}]},{\"name\":\"Teaser\",\"type\":\"section\",\"props\":{\"animation\":\"fade\",\"height_viewport\":false,\"image\":\"wp-content\\\/uploads\\\/2026\\\/01\\\/bg-parallax-2.jpg\",\"image_position\":\"center-center\",\"image_size\":\"cover\",\"image_width\":\"2560\",\"padding\":\"large\",\"style\":\"secondary\",\"title_breakpoint\":\"xl\",\"title_position\":\"top-left\",\"title_rotation\":\"left\",\"vertical_align\":\"\",\"width\":\"default\"},\"children\":[{\"type\":\"row\",\"children\":[{\"type\":\"column\",\"props\":{\"image_position\":\"center-center\",\"position_sticky_breakpoint\":\"m\",\"width_medium\":\"1-1\"},\"children\":[{\"type\":\"headline\",\"props\":{\"block_align\":\"center\",\"content\":\"Jedes Projekt ist eine neue Herausforderung, etwas Einzigartiges zu schaffen.\",\"margin\":\"medium\",\"maxwidth\":\"large\",\"text_align\":\"center\",\"title_element\":\"h3\",\"title_style\":\"h2\"}},{\"type\":\"button\",\"props\":{\"grid_column_gap\":\"small\",\"grid_row_gap\":\"small\",\"margin\":\"default\",\"text_align\":\"center\"},\"children\":[{\"type\":\"button_item\",\"props\":{\"button_style\":\"text\",\"content\":\"Erfahren Sie mehr\",\"dialog_layout\":\"modal\",\"dialog_offcanvas_flip\":true,\"icon_align\":\"left\",\"link\":\"?page_id=\",\"link_title\":\"Learn more\"}}]}]}]}]}],\"version\":\"4.5.33\"} --><\/p>\n","protected":false},"excerpt":{"rendered":"<p>Maximieren Sie Ihre Energie, verl\u00e4ngern Sie Ihre Reisen In Sinsheim f\u00fcr Komfort und Sicherheit Auch unterwegs unabh\u00e4ngig von Steckdosen Endecken Sie die Welt der Reiseelektronik. Verkauf &#8211; Service &#8211; Installation Wohnmobile\/Caravan Zubeh\u00f6r und Montage Hifi, Lautsprecher, Verst\u00e4rker Von Standard bis Exklusiv &#8211; wir statten Ihr Wohnmobile oder Caravan mit modernster Hifi-Technik und feinstem Klangerlebnis aus. [&hellip;]<\/p>\n","protected":false},"author":1,"featured_media":0,"parent":0,"menu_order":0,"comment_status":"closed","ping_status":"closed","template":"","meta":{"_acf_changed":false,"footnotes":""},"class_list":["post-1","page","type-page","status-publish","hentry"],"acf":[],"_links":{"self":[{"href":"https:\/\/neu.vibesaudio.de\/index.php?rest_route=\/wp\/v2\/pages\/1","targetHints":{"allow":["GET"]}}],"collection":[{"href":"https:\/\/neu.vibesaudio.de\/index.php?rest_route=\/wp\/v2\/pages"}],"about":[{"href":"https:\/\/neu.vibesaudio.de\/index.php?rest_route=\/wp\/v2\/types\/page"}],"author":[{"embeddable":true,"href":"https:\/\/neu.vibesaudio.de\/index.php?rest_route=\/wp\/v2\/users\/1"}],"replies":[{"embeddable":true,"href":"https:\/\/neu.vibesaudio.de\/index.php?rest_route=%2Fwp%2Fv2%2Fcomments&post=1"}],"version-history":[{"count":28,"href":"https:\/\/neu.vibesaudio.de\/index.php?rest_route=\/wp\/v2\/pages\/1\/revisions"}],"predecessor-version":[{"id":2130,"href":"https:\/\/neu.vibesaudio.de\/index.php?rest_route=\/wp\/v2\/pages\/1\/revisions\/2130"}],"wp:attachment":[{"href":"https:\/\/neu.vibesaudio.de\/index.php?rest_route=%2Fwp%2Fv2%2Fmedia&parent=1"}],"curies":[{"name":"wp","href":"https:\/\/api.w.org\/{rel}","templated":true}]}}